{"id":1441,"date":"2024-04-28T19:46:17","date_gmt":"2024-04-28T17:46:17","guid":{"rendered":"https:\/\/lwgr.de\/team\/"},"modified":"2025-09-25T14:15:10","modified_gmt":"2025-09-25T12:15:10","slug":"team","status":"publish","type":"page","link":"https:\/\/lwgr.de\/en\/team\/","title":{"rendered":"Team"},"content":{"rendered":"<div class=\"gb-container gb-container-74f9758d\">\n<div class=\"gb-container gb-container-5a8c1f0a\">\n\n<h1 class=\"gb-headline gb-headline-fd6dba6c gb-headline-text\">We organize the L\u00fcneburg Weeks against Racism<\/h1>\n\n<\/div>\n<\/div><div class=\"gb-container gb-container-6575bdb2\">\n<div class=\"gb-container gb-container-7b912c26\">\n<div class=\"gb-grid-wrapper gb-grid-wrapper-fc0a306f\">\n<div class=\"gb-grid-column gb-grid-column-384ece5f\"><div class=\"gb-container gb-container-384ece5f\">\n\n<figure class=\"wp-block-image size-large\"><img loading=\"lazy\" decoding=\"async\" width=\"963\" height=\"1024\" src=\"https:\/\/lwgr.de\/wp-content\/uploads\/2025\/08\/IMG-20250825-WA0016-963x1024.jpg\" alt=\"\" class=\"wp-image-2297\" srcset=\"https:\/\/lwgr.de\/wp-content\/uploads\/2025\/08\/IMG-20250825-WA0016-963x1024.jpg 963w, https:\/\/lwgr.de\/wp-content\/uploads\/2025\/08\/IMG-20250825-WA0016-282x300.jpg 282w, https:\/\/lwgr.de\/wp-content\/uploads\/2025\/08\/IMG-20250825-WA0016-768x817.jpg 768w, https:\/\/lwgr.de\/wp-content\/uploads\/2025\/08\/IMG-20250825-WA0016-1444x1536.jpg 1444w, https:\/\/lwgr.de\/wp-content\/uploads\/2025\/08\/IMG-20250825-WA0016-1925x2048.jpg 1925w\" sizes=\"auto, (max-width: 963px) 100vw, 963px\" \/><\/figure>\n\n<\/div><\/div>\n\n<div class=\"gb-grid-column gb-grid-column-2437799c\"><div class=\"gb-container gb-container-2437799c\">\n\n<blockquote class=\"wp-block-quote is-layout-flow wp-block-quote-is-layout-flow\">\n<p>\u201cAs the initiator of the LWgR, I have been involved as part of the planning group since 2015. It is very important to me to actively set a clear signal against racism and to encourage people to address the issue with a diversity-oriented and anti-discriminatory attitude. I am committed to this professionally, voluntarily and privately.\u201d<\/p>\n<cite>\u00d1urka Casanova<\/cite><\/blockquote>\n\n<\/div><\/div>\n\n<div class=\"gb-grid-column gb-grid-column-dbde730f\"><div class=\"gb-container gb-container-dbde730f\">\n\n<blockquote class=\"wp-block-quote is-layout-flow wp-block-quote-is-layout-flow\">\n<p>\u2018We have been working with a team from mosaique at LWgR for several years. For about 10 years, I have also been involved in various initiatives, alliances and networks that promote peaceful coexistence, acceptance of diversity and oppose exclusion, hatred and incitement. My wish is to make LWgR more visible, audible and tangible in the district.\u2019  <\/p>\n<cite>Dete Kr\u00fcger<\/cite><\/blockquote>\n\n<\/div><\/div>\n\n<div class=\"gb-grid-column gb-grid-column-e359c416\"><div class=\"gb-container gb-container-e359c416\">\n\n<blockquote class=\"wp-block-quote is-layout-flow wp-block-quote-is-layout-flow\">\n<p id=\"block-d7ee1cc9-965a-4685-88be-6da598abe135\">\u201eI have been part of the LWgR since 2015 and have also been involved in the planning group since 2016. I not only deal with the topic of racism in my own learning process as an educator, but also try to counteract everyday racism in my everyday life and through my work with Aufstehen-gegen-Rassismus.\u201c<\/p>\n\n\n\n<p id=\"block-d7ee1cc9-965a-4685-88be-6da598abe135\">Ludger Wessels<\/p>\n<\/blockquote>\n\n<\/div><\/div>\n\n<div class=\"gb-grid-column gb-grid-column-14255ebd\"><div class=\"gb-container gb-container-14255ebd\">\n\n<blockquote class=\"wp-block-quote is-layout-flow wp-block-quote-is-layout-flow\">\n<p>\u201cRacism affects us all. How a society deals with racism and<br\/>discrimination says a lot about it. Human dignity should<br\/>never be negotiable. I have been part of the planning group since 2019 and<br\/>as a diversity and equal opportunities officer at Leuphana and beyond.<br\/>Leuphana and beyond for a society that is critical of discrimination and<br\/>society that is critical of discrimination and racism as well as respectful coexistence.\u2019<\/p>\n<cite>Valentina Seidel<\/cite><\/blockquote>\n\n<\/div><\/div>\n\n<div class=\"gb-grid-column gb-grid-column-85df41ad\"><div class=\"gb-container gb-container-85df41ad\">\n\n<blockquote class=\"wp-block-quote is-layout-flow wp-block-quote-is-layout-flow\">\n<p>\u201cAs head of the model project \u2018Competence Center against Antiziganism (KogA)\u2019 of the Lower Saxony Memorial Foundation, it was and is important to me to also address racism and discrimination against Roma and Sinti within the framework of the LWgR. That\u2019s why I\u2019ve been involved since 2016 with my own offers and since 2017 through my work in the planning group.\u201d<\/p>\n<cite>Bernd Grafe-Ulke<\/cite><\/blockquote>\n\n<\/div><\/div>\n\n<div class=\"gb-grid-column gb-grid-column-788d8383\"><div class=\"gb-container gb-container-788d8383\">\n\n<blockquote class=\"wp-block-quote is-layout-flow wp-block-quote-is-layout-flow\">\n<p><\/p>\n<\/blockquote>\n\n<\/div><\/div>\n<\/div>\n<\/div>\n<\/div>\n<figure class=\"wp-block-image size-full\"><img decoding=\"async\" src=\"https:\/\/lwgr.de\/wp-content\/uploads\/2024\/01\/lwgr-grafik.svg\" alt=\"Graphics for L&#xFC;neburg Weeks against Racism\" class=\"wp-image-277\"\/><\/figure>\n","protected":false},"excerpt":{"rendered":"<p>We organize the L\u00fcneburg Weeks against Racism<\/p>\n","protected":false},"author":1,"featured_media":0,"parent":0,"menu_order":0,"comment_status":"closed","ping_status":"closed","template":"","meta":{"_acf_changed":false,"footnotes":""},"class_list":["post-1441","page","type-page","status-publish"],"acf":[],"yoast_head":"<!-- This site is optimized with the Yoast SEO plugin v27.3 - https:\/\/yoast.com\/product\/yoast-seo-wordpress\/ -->\n<title>Team - L\u00fcneburg Weeks against Racism<\/title>\n<meta name=\"description\" content=\"We organize the L\u00fcneburg Weeks against Racism, which have been taking place in L\u00fcneburg and the surrounding area for nine years now.\" \/>\n<meta name=\"robots\" content=\"index, follow, max-snippet:-1, max-image-preview:large, max-video-preview:-1\" \/>\n<link rel=\"canonical\" href=\"https:\/\/lwgr.de\/en\/team\/\" \/>\n<meta property=\"og:locale\" content=\"en_US\" \/>\n<meta property=\"og:type\" content=\"article\" \/>\n<meta property=\"og:title\" content=\"Team - L\u00fcneburg Weeks against Racism\" \/>\n<meta property=\"og:description\" content=\"We organize the L\u00fcneburg Weeks against Racism, which have been taking place in L\u00fcneburg and the surrounding area for nine years now.\" \/>\n<meta property=\"og:url\" content=\"https:\/\/lwgr.de\/en\/team\/\" \/>\n<meta property=\"og:site_name\" content=\"L\u00fcneburg Weeks against Racism\" \/>\n<meta property=\"article:publisher\" content=\"https:\/\/www.facebook.com\/WgRLueneburg\" \/>\n<meta property=\"article:modified_time\" content=\"2025-09-25T12:15:10+00:00\" \/>\n<meta property=\"og:image\" content=\"https:\/\/lwgr.de\/wp-content\/uploads\/2025\/08\/IMG-20250825-WA0016-scaled.jpg\" \/>\n\t<meta property=\"og:image:width\" content=\"2407\" \/>\n\t<meta property=\"og:image:height\" content=\"2560\" \/>\n\t<meta property=\"og:image:type\" content=\"image\/jpeg\" \/>\n<meta name=\"twitter:card\" content=\"summary_large_image\" \/>\n<meta name=\"twitter:label1\" content=\"Est. reading time\" \/>\n\t<meta name=\"twitter:data1\" content=\"2 minutes\" \/>\n<script type=\"application\/ld+json\" class=\"yoast-schema-graph\">{\"@context\":\"https:\\\/\\\/schema.org\",\"@graph\":[{\"@type\":\"WebPage\",\"@id\":\"https:\\\/\\\/lwgr.de\\\/en\\\/team\\\/\",\"url\":\"https:\\\/\\\/lwgr.de\\\/en\\\/team\\\/\",\"name\":\"Team - L\u00fcneburg Weeks against Racism\",\"isPartOf\":{\"@id\":\"https:\\\/\\\/lwgr.de\\\/en\\\/#website\"},\"primaryImageOfPage\":{\"@id\":\"https:\\\/\\\/lwgr.de\\\/en\\\/team\\\/#primaryimage\"},\"image\":{\"@id\":\"https:\\\/\\\/lwgr.de\\\/en\\\/team\\\/#primaryimage\"},\"thumbnailUrl\":\"https:\\\/\\\/lwgr.de\\\/wp-content\\\/uploads\\\/2025\\\/08\\\/IMG-20250825-WA0016-963x1024.jpg\",\"datePublished\":\"2024-04-28T17:46:17+00:00\",\"dateModified\":\"2025-09-25T12:15:10+00:00\",\"description\":\"We organize the L\u00fcneburg Weeks against Racism, which have been taking place in L\u00fcneburg and the surrounding area for nine years now.\",\"breadcrumb\":{\"@id\":\"https:\\\/\\\/lwgr.de\\\/en\\\/team\\\/#breadcrumb\"},\"inLanguage\":\"en-US\",\"potentialAction\":[{\"@type\":\"ReadAction\",\"target\":[\"https:\\\/\\\/lwgr.de\\\/en\\\/team\\\/\"]}]},{\"@type\":\"ImageObject\",\"inLanguage\":\"en-US\",\"@id\":\"https:\\\/\\\/lwgr.de\\\/en\\\/team\\\/#primaryimage\",\"url\":\"https:\\\/\\\/lwgr.de\\\/wp-content\\\/uploads\\\/2025\\\/08\\\/IMG-20250825-WA0016-963x1024.jpg\",\"contentUrl\":\"https:\\\/\\\/lwgr.de\\\/wp-content\\\/uploads\\\/2025\\\/08\\\/IMG-20250825-WA0016-963x1024.jpg\"},{\"@type\":\"BreadcrumbList\",\"@id\":\"https:\\\/\\\/lwgr.de\\\/en\\\/team\\\/#breadcrumb\",\"itemListElement\":[{\"@type\":\"ListItem\",\"position\":1,\"name\":\"Startseite\",\"item\":\"https:\\\/\\\/lwgr.de\\\/en\\\/\"},{\"@type\":\"ListItem\",\"position\":2,\"name\":\"Team\"}]},{\"@type\":\"WebSite\",\"@id\":\"https:\\\/\\\/lwgr.de\\\/en\\\/#website\",\"url\":\"https:\\\/\\\/lwgr.de\\\/en\\\/\",\"name\":\"L\u00fcneburger Wochen gegen Rassismus\",\"description\":\"For an open society\",\"publisher\":{\"@id\":\"https:\\\/\\\/lwgr.de\\\/en\\\/#organization\"},\"potentialAction\":[{\"@type\":\"SearchAction\",\"target\":{\"@type\":\"EntryPoint\",\"urlTemplate\":\"https:\\\/\\\/lwgr.de\\\/en\\\/?s={search_term_string}\"},\"query-input\":{\"@type\":\"PropertyValueSpecification\",\"valueRequired\":true,\"valueName\":\"search_term_string\"}}],\"inLanguage\":\"en-US\"},{\"@type\":\"Organization\",\"@id\":\"https:\\\/\\\/lwgr.de\\\/en\\\/#organization\",\"name\":\"L\u00fcneburger Wochen gegen Rassismus\",\"url\":\"https:\\\/\\\/lwgr.de\\\/en\\\/\",\"logo\":{\"@type\":\"ImageObject\",\"inLanguage\":\"en-US\",\"@id\":\"https:\\\/\\\/lwgr.de\\\/en\\\/#\\\/schema\\\/logo\\\/image\\\/\",\"url\":\"https:\\\/\\\/lwgr.de\\\/wp-content\\\/uploads\\\/2024\\\/04\\\/logo-lwgr.svg\",\"contentUrl\":\"https:\\\/\\\/lwgr.de\\\/wp-content\\\/uploads\\\/2024\\\/04\\\/logo-lwgr.svg\",\"caption\":\"L\u00fcneburger Wochen gegen Rassismus\"},\"image\":{\"@id\":\"https:\\\/\\\/lwgr.de\\\/en\\\/#\\\/schema\\\/logo\\\/image\\\/\"},\"sameAs\":[\"https:\\\/\\\/www.facebook.com\\\/WgRLueneburg\",\"https:\\\/\\\/www.instagram.com\\\/lwgr_netzwerk\"]}]}<\/script>\n<!-- \/ Yoast SEO plugin. -->","yoast_head_json":{"title":"Team - L\u00fcneburg Weeks against Racism","description":"We organize the L\u00fcneburg Weeks against Racism, which have been taking place in L\u00fcneburg and the surrounding area for nine years now.","robots":{"index":"index","follow":"follow","max-snippet":"max-snippet:-1","max-image-preview":"max-image-preview:large","max-video-preview":"max-video-preview:-1"},"canonical":"https:\/\/lwgr.de\/en\/team\/","og_locale":"en_US","og_type":"article","og_title":"Team - L\u00fcneburg Weeks against Racism","og_description":"We organize the L\u00fcneburg Weeks against Racism, which have been taking place in L\u00fcneburg and the surrounding area for nine years now.","og_url":"https:\/\/lwgr.de\/en\/team\/","og_site_name":"L\u00fcneburg Weeks against Racism","article_publisher":"https:\/\/www.facebook.com\/WgRLueneburg","article_modified_time":"2025-09-25T12:15:10+00:00","og_image":[{"width":2407,"height":2560,"url":"https:\/\/lwgr.de\/wp-content\/uploads\/2025\/08\/IMG-20250825-WA0016-scaled.jpg","type":"image\/jpeg"}],"twitter_card":"summary_large_image","twitter_misc":{"Est. reading time":"2 minutes"},"schema":{"@context":"https:\/\/schema.org","@graph":[{"@type":"WebPage","@id":"https:\/\/lwgr.de\/en\/team\/","url":"https:\/\/lwgr.de\/en\/team\/","name":"Team - L\u00fcneburg Weeks against Racism","isPartOf":{"@id":"https:\/\/lwgr.de\/en\/#website"},"primaryImageOfPage":{"@id":"https:\/\/lwgr.de\/en\/team\/#primaryimage"},"image":{"@id":"https:\/\/lwgr.de\/en\/team\/#primaryimage"},"thumbnailUrl":"https:\/\/lwgr.de\/wp-content\/uploads\/2025\/08\/IMG-20250825-WA0016-963x1024.jpg","datePublished":"2024-04-28T17:46:17+00:00","dateModified":"2025-09-25T12:15:10+00:00","description":"We organize the L\u00fcneburg Weeks against Racism, which have been taking place in L\u00fcneburg and the surrounding area for nine years now.","breadcrumb":{"@id":"https:\/\/lwgr.de\/en\/team\/#breadcrumb"},"inLanguage":"en-US","potentialAction":[{"@type":"ReadAction","target":["https:\/\/lwgr.de\/en\/team\/"]}]},{"@type":"ImageObject","inLanguage":"en-US","@id":"https:\/\/lwgr.de\/en\/team\/#primaryimage","url":"https:\/\/lwgr.de\/wp-content\/uploads\/2025\/08\/IMG-20250825-WA0016-963x1024.jpg","contentUrl":"https:\/\/lwgr.de\/wp-content\/uploads\/2025\/08\/IMG-20250825-WA0016-963x1024.jpg"},{"@type":"BreadcrumbList","@id":"https:\/\/lwgr.de\/en\/team\/#breadcrumb","itemListElement":[{"@type":"ListItem","position":1,"name":"Startseite","item":"https:\/\/lwgr.de\/en\/"},{"@type":"ListItem","position":2,"name":"Team"}]},{"@type":"WebSite","@id":"https:\/\/lwgr.de\/en\/#website","url":"https:\/\/lwgr.de\/en\/","name":"L\u00fcneburger Wochen gegen Rassismus","description":"For an open society","publisher":{"@id":"https:\/\/lwgr.de\/en\/#organization"},"potentialAction":[{"@type":"SearchAction","target":{"@type":"EntryPoint","urlTemplate":"https:\/\/lwgr.de\/en\/?s={search_term_string}"},"query-input":{"@type":"PropertyValueSpecification","valueRequired":true,"valueName":"search_term_string"}}],"inLanguage":"en-US"},{"@type":"Organization","@id":"https:\/\/lwgr.de\/en\/#organization","name":"L\u00fcneburger Wochen gegen Rassismus","url":"https:\/\/lwgr.de\/en\/","logo":{"@type":"ImageObject","inLanguage":"en-US","@id":"https:\/\/lwgr.de\/en\/#\/schema\/logo\/image\/","url":"https:\/\/lwgr.de\/wp-content\/uploads\/2024\/04\/logo-lwgr.svg","contentUrl":"https:\/\/lwgr.de\/wp-content\/uploads\/2024\/04\/logo-lwgr.svg","caption":"L\u00fcneburger Wochen gegen Rassismus"},"image":{"@id":"https:\/\/lwgr.de\/en\/#\/schema\/logo\/image\/"},"sameAs":["https:\/\/www.facebook.com\/WgRLueneburg","https:\/\/www.instagram.com\/lwgr_netzwerk"]}]}},"_links":{"self":[{"href":"https:\/\/lwgr.de\/en\/wp-json\/wp\/v2\/pages\/1441","targetHints":{"allow":["GET"]}}],"collection":[{"href":"https:\/\/lwgr.de\/en\/wp-json\/wp\/v2\/pages"}],"about":[{"href":"https:\/\/lwgr.de\/en\/wp-json\/wp\/v2\/types\/page"}],"author":[{"embeddable":true,"href":"https:\/\/lwgr.de\/en\/wp-json\/wp\/v2\/users\/1"}],"replies":[{"embeddable":true,"href":"https:\/\/lwgr.de\/en\/wp-json\/wp\/v2\/comments?post=1441"}],"version-history":[{"count":5,"href":"https:\/\/lwgr.de\/en\/wp-json\/wp\/v2\/pages\/1441\/revisions"}],"predecessor-version":[{"id":2332,"href":"https:\/\/lwgr.de\/en\/wp-json\/wp\/v2\/pages\/1441\/revisions\/2332"}],"wp:attachment":[{"href":"https:\/\/lwgr.de\/en\/wp-json\/wp\/v2\/media?parent=1441"}],"curies":[{"name":"wp","href":"https:\/\/api.w.org\/{rel}","templated":true}]}}