{"id":1445,"date":"2024-04-28T19:47:01","date_gmt":"2024-04-28T17:47:01","guid":{"rendered":"https:\/\/lwgr.de\/supporters\/"},"modified":"2025-12-04T08:11:16","modified_gmt":"2025-12-04T07:11:16","slug":"supporters","status":"publish","type":"page","link":"https:\/\/lwgr.de\/en\/supporters\/","title":{"rendered":"Supporters"},"content":{"rendered":"\n<p>The \u2018L\u00fcneburg Weeks Against Racism \u2013 For an Open Society\u2019 are financially supported by:<\/p>\n\n<figure class=\"gb-block-image gb-block-image-508fe0cb\"><img loading=\"lazy\" decoding=\"async\" width=\"300\" height=\"75\" class=\"gb-image gb-image-508fe0cb\" src=\"https:\/\/lwgr.de\/wp-content\/uploads\/2025\/11\/Spielfeld-Gesellschaft-neu2-300x75.jpg\" alt=\"Playing field Society Logo\" title=\"Spielfeld Gesellschaft Logo\" srcset=\"https:\/\/lwgr.de\/wp-content\/uploads\/2025\/11\/Spielfeld-Gesellschaft-neu2-300x75.jpg 300w, https:\/\/lwgr.de\/wp-content\/uploads\/2025\/11\/Spielfeld-Gesellschaft-neu2-1024x255.jpg 1024w, https:\/\/lwgr.de\/wp-content\/uploads\/2025\/11\/Spielfeld-Gesellschaft-neu2-768x192.jpg 768w, https:\/\/lwgr.de\/wp-content\/uploads\/2025\/11\/Spielfeld-Gesellschaft-neu2-1536x383.jpg 1536w, https:\/\/lwgr.de\/wp-content\/uploads\/2025\/11\/Spielfeld-Gesellschaft-neu2-2048x511.jpg 2048w\" sizes=\"auto, (max-width: 300px) 100vw, 300px\" \/><\/figure>\n\n<div style=\"height:20px\" aria-hidden=\"true\" class=\"wp-block-spacer\"><\/div>\n\n<figure class=\"gb-block-image gb-block-image-a584f78b\"><img loading=\"lazy\" decoding=\"async\" width=\"1024\" height=\"316\" class=\"gb-image gb-image-a584f78b\" src=\"https:\/\/lwgr.de\/wp-content\/uploads\/2025\/01\/logo-DSEE-1024x316.png\" alt=\"Logo of the German Foundation for Civic Engagement and Volunteering\" title=\"logo-DSEE\" srcset=\"https:\/\/lwgr.de\/wp-content\/uploads\/2025\/01\/logo-DSEE-1024x316.png 1024w, https:\/\/lwgr.de\/wp-content\/uploads\/2025\/01\/logo-DSEE-300x93.png 300w, https:\/\/lwgr.de\/wp-content\/uploads\/2025\/01\/logo-DSEE-768x237.png 768w, https:\/\/lwgr.de\/wp-content\/uploads\/2025\/01\/logo-DSEE-1536x474.png 1536w, https:\/\/lwgr.de\/wp-content\/uploads\/2025\/01\/logo-DSEE-2048x632.png 2048w\" sizes=\"auto, (max-width: 1024px) 100vw, 1024px\" \/><\/figure>\n\n<div style=\"height:20px\" aria-hidden=\"true\" class=\"wp-block-spacer\"><\/div>\n\n<figure class=\"gb-block-image gb-block-image-46246155\"><img loading=\"lazy\" decoding=\"async\" width=\"1000\" height=\"182\" class=\"gb-image gb-image-46246155\" src=\"https:\/\/lwgr.de\/wp-content\/uploads\/2024\/01\/buergerstiftung-lueneburg-logo.jpg\" alt=\"L\u00fcneburg community foundation is a supporter of the LWgR\" title=\"buergerstiftung-lueneburg-logo\" srcset=\"https:\/\/lwgr.de\/wp-content\/uploads\/2024\/01\/buergerstiftung-lueneburg-logo.jpg 1000w, https:\/\/lwgr.de\/wp-content\/uploads\/2024\/01\/buergerstiftung-lueneburg-logo-300x55.jpg 300w, https:\/\/lwgr.de\/wp-content\/uploads\/2024\/01\/buergerstiftung-lueneburg-logo-768x140.jpg 768w\" sizes=\"auto, (max-width: 1000px) 100vw, 1000px\" \/><\/figure>\n","protected":false},"excerpt":{"rendered":"<p>The \u2018L\u00fcneburg Weeks Against Racism \u2013 For an Open Society\u2019 are financially supported by:<\/p>\n","protected":false},"author":1,"featured_media":0,"parent":0,"menu_order":0,"comment_status":"closed","ping_status":"closed","template":"","meta":{"_acf_changed":false,"footnotes":""},"class_list":["post-1445","page","type-page","status-publish"],"acf":[],"yoast_head":"<!-- This site is optimized with the Yoast SEO plugin v27.3 - https:\/\/yoast.com\/product\/yoast-seo-wordpress\/ -->\n<title>Supporters - L\u00fcneburg Weeks against Racism 2024<\/title>\n<meta name=\"description\" content=\"In 2024, the Spielfeld Society and the L\u00fcneburg Community Foundation provided financial support for the L\u00fcneburg Weeks against Racism.\" \/>\n<meta name=\"robots\" content=\"index, follow, max-snippet:-1, max-image-preview:large, max-video-preview:-1\" \/>\n<link rel=\"canonical\" href=\"https:\/\/lwgr.de\/en\/supporters\/\" \/>\n<meta property=\"og:locale\" content=\"en_US\" \/>\n<meta property=\"og:type\" content=\"article\" \/>\n<meta property=\"og:title\" content=\"Supporters - L\u00fcneburg Weeks against Racism 2024\" \/>\n<meta property=\"og:description\" content=\"In 2024, the Spielfeld Society and the L\u00fcneburg Community Foundation provided financial support for the L\u00fcneburg Weeks against Racism.\" \/>\n<meta property=\"og:url\" content=\"https:\/\/lwgr.de\/en\/supporters\/\" \/>\n<meta property=\"og:site_name\" content=\"L\u00fcneburg Weeks against Racism\" \/>\n<meta property=\"article:publisher\" content=\"https:\/\/www.facebook.com\/WgRLueneburg\" \/>\n<meta property=\"article:modified_time\" content=\"2025-12-04T07:11:16+00:00\" \/>\n<meta property=\"og:image\" content=\"https:\/\/lwgr.de\/wp-content\/uploads\/2025\/11\/Spielfeld-Gesellschaft-neu2-300x75.jpg\" \/>\n<meta name=\"twitter:card\" content=\"summary_large_image\" \/>\n<script type=\"application\/ld+json\" class=\"yoast-schema-graph\">{\"@context\":\"https:\\\/\\\/schema.org\",\"@graph\":[{\"@type\":\"WebPage\",\"@id\":\"https:\\\/\\\/lwgr.de\\\/en\\\/supporters\\\/\",\"url\":\"https:\\\/\\\/lwgr.de\\\/en\\\/supporters\\\/\",\"name\":\"Supporters - L\u00fcneburg Weeks against Racism 2024\",\"isPartOf\":{\"@id\":\"https:\\\/\\\/lwgr.de\\\/en\\\/#website\"},\"primaryImageOfPage\":{\"@id\":\"https:\\\/\\\/lwgr.de\\\/en\\\/supporters\\\/#primaryimage\"},\"image\":{\"@id\":\"https:\\\/\\\/lwgr.de\\\/en\\\/supporters\\\/#primaryimage\"},\"thumbnailUrl\":\"https:\\\/\\\/lwgr.de\\\/wp-content\\\/uploads\\\/2025\\\/11\\\/Spielfeld-Gesellschaft-neu2-300x75.jpg\",\"datePublished\":\"2024-04-28T17:47:01+00:00\",\"dateModified\":\"2025-12-04T07:11:16+00:00\",\"description\":\"In 2024, the Spielfeld Society and the L\u00fcneburg Community Foundation provided financial support for the L\u00fcneburg Weeks against Racism.\",\"breadcrumb\":{\"@id\":\"https:\\\/\\\/lwgr.de\\\/en\\\/supporters\\\/#breadcrumb\"},\"inLanguage\":\"en-US\",\"potentialAction\":[{\"@type\":\"ReadAction\",\"target\":[\"https:\\\/\\\/lwgr.de\\\/en\\\/supporters\\\/\"]}]},{\"@type\":\"ImageObject\",\"inLanguage\":\"en-US\",\"@id\":\"https:\\\/\\\/lwgr.de\\\/en\\\/supporters\\\/#primaryimage\",\"url\":\"https:\\\/\\\/lwgr.de\\\/wp-content\\\/uploads\\\/2025\\\/11\\\/Spielfeld-Gesellschaft-neu2-300x75.jpg\",\"contentUrl\":\"https:\\\/\\\/lwgr.de\\\/wp-content\\\/uploads\\\/2025\\\/11\\\/Spielfeld-Gesellschaft-neu2-300x75.jpg\"},{\"@type\":\"BreadcrumbList\",\"@id\":\"https:\\\/\\\/lwgr.de\\\/en\\\/supporters\\\/#breadcrumb\",\"itemListElement\":[{\"@type\":\"ListItem\",\"position\":1,\"name\":\"Startseite\",\"item\":\"https:\\\/\\\/lwgr.de\\\/en\\\/\"},{\"@type\":\"ListItem\",\"position\":2,\"name\":\"Supporters\"}]},{\"@type\":\"WebSite\",\"@id\":\"https:\\\/\\\/lwgr.de\\\/en\\\/#website\",\"url\":\"https:\\\/\\\/lwgr.de\\\/en\\\/\",\"name\":\"L\u00fcneburger Wochen gegen Rassismus\",\"description\":\"For an open society\",\"publisher\":{\"@id\":\"https:\\\/\\\/lwgr.de\\\/en\\\/#organization\"},\"potentialAction\":[{\"@type\":\"SearchAction\",\"target\":{\"@type\":\"EntryPoint\",\"urlTemplate\":\"https:\\\/\\\/lwgr.de\\\/en\\\/?s={search_term_string}\"},\"query-input\":{\"@type\":\"PropertyValueSpecification\",\"valueRequired\":true,\"valueName\":\"search_term_string\"}}],\"inLanguage\":\"en-US\"},{\"@type\":\"Organization\",\"@id\":\"https:\\\/\\\/lwgr.de\\\/en\\\/#organization\",\"name\":\"L\u00fcneburger Wochen gegen Rassismus\",\"url\":\"https:\\\/\\\/lwgr.de\\\/en\\\/\",\"logo\":{\"@type\":\"ImageObject\",\"inLanguage\":\"en-US\",\"@id\":\"https:\\\/\\\/lwgr.de\\\/en\\\/#\\\/schema\\\/logo\\\/image\\\/\",\"url\":\"https:\\\/\\\/lwgr.de\\\/wp-content\\\/uploads\\\/2024\\\/04\\\/logo-lwgr.svg\",\"contentUrl\":\"https:\\\/\\\/lwgr.de\\\/wp-content\\\/uploads\\\/2024\\\/04\\\/logo-lwgr.svg\",\"caption\":\"L\u00fcneburger Wochen gegen Rassismus\"},\"image\":{\"@id\":\"https:\\\/\\\/lwgr.de\\\/en\\\/#\\\/schema\\\/logo\\\/image\\\/\"},\"sameAs\":[\"https:\\\/\\\/www.facebook.com\\\/WgRLueneburg\",\"https:\\\/\\\/www.instagram.com\\\/lwgr_netzwerk\"]}]}<\/script>\n<!-- \/ Yoast SEO plugin. -->","yoast_head_json":{"title":"Supporters - L\u00fcneburg Weeks against Racism 2024","description":"In 2024, the Spielfeld Society and the L\u00fcneburg Community Foundation provided financial support for the L\u00fcneburg Weeks against Racism.","robots":{"index":"index","follow":"follow","max-snippet":"max-snippet:-1","max-image-preview":"max-image-preview:large","max-video-preview":"max-video-preview:-1"},"canonical":"https:\/\/lwgr.de\/en\/supporters\/","og_locale":"en_US","og_type":"article","og_title":"Supporters - L\u00fcneburg Weeks against Racism 2024","og_description":"In 2024, the Spielfeld Society and the L\u00fcneburg Community Foundation provided financial support for the L\u00fcneburg Weeks against Racism.","og_url":"https:\/\/lwgr.de\/en\/supporters\/","og_site_name":"L\u00fcneburg Weeks against Racism","article_publisher":"https:\/\/www.facebook.com\/WgRLueneburg","article_modified_time":"2025-12-04T07:11:16+00:00","og_image":[{"url":"https:\/\/lwgr.de\/wp-content\/uploads\/2025\/11\/Spielfeld-Gesellschaft-neu2-300x75.jpg","type":"","width":"","height":""}],"twitter_card":"summary_large_image","schema":{"@context":"https:\/\/schema.org","@graph":[{"@type":"WebPage","@id":"https:\/\/lwgr.de\/en\/supporters\/","url":"https:\/\/lwgr.de\/en\/supporters\/","name":"Supporters - L\u00fcneburg Weeks against Racism 2024","isPartOf":{"@id":"https:\/\/lwgr.de\/en\/#website"},"primaryImageOfPage":{"@id":"https:\/\/lwgr.de\/en\/supporters\/#primaryimage"},"image":{"@id":"https:\/\/lwgr.de\/en\/supporters\/#primaryimage"},"thumbnailUrl":"https:\/\/lwgr.de\/wp-content\/uploads\/2025\/11\/Spielfeld-Gesellschaft-neu2-300x75.jpg","datePublished":"2024-04-28T17:47:01+00:00","dateModified":"2025-12-04T07:11:16+00:00","description":"In 2024, the Spielfeld Society and the L\u00fcneburg Community Foundation provided financial support for the L\u00fcneburg Weeks against Racism.","breadcrumb":{"@id":"https:\/\/lwgr.de\/en\/supporters\/#breadcrumb"},"inLanguage":"en-US","potentialAction":[{"@type":"ReadAction","target":["https:\/\/lwgr.de\/en\/supporters\/"]}]},{"@type":"ImageObject","inLanguage":"en-US","@id":"https:\/\/lwgr.de\/en\/supporters\/#primaryimage","url":"https:\/\/lwgr.de\/wp-content\/uploads\/2025\/11\/Spielfeld-Gesellschaft-neu2-300x75.jpg","contentUrl":"https:\/\/lwgr.de\/wp-content\/uploads\/2025\/11\/Spielfeld-Gesellschaft-neu2-300x75.jpg"},{"@type":"BreadcrumbList","@id":"https:\/\/lwgr.de\/en\/supporters\/#breadcrumb","itemListElement":[{"@type":"ListItem","position":1,"name":"Startseite","item":"https:\/\/lwgr.de\/en\/"},{"@type":"ListItem","position":2,"name":"Supporters"}]},{"@type":"WebSite","@id":"https:\/\/lwgr.de\/en\/#website","url":"https:\/\/lwgr.de\/en\/","name":"L\u00fcneburger Wochen gegen Rassismus","description":"For an open society","publisher":{"@id":"https:\/\/lwgr.de\/en\/#organization"},"potentialAction":[{"@type":"SearchAction","target":{"@type":"EntryPoint","urlTemplate":"https:\/\/lwgr.de\/en\/?s={search_term_string}"},"query-input":{"@type":"PropertyValueSpecification","valueRequired":true,"valueName":"search_term_string"}}],"inLanguage":"en-US"},{"@type":"Organization","@id":"https:\/\/lwgr.de\/en\/#organization","name":"L\u00fcneburger Wochen gegen Rassismus","url":"https:\/\/lwgr.de\/en\/","logo":{"@type":"ImageObject","inLanguage":"en-US","@id":"https:\/\/lwgr.de\/en\/#\/schema\/logo\/image\/","url":"https:\/\/lwgr.de\/wp-content\/uploads\/2024\/04\/logo-lwgr.svg","contentUrl":"https:\/\/lwgr.de\/wp-content\/uploads\/2024\/04\/logo-lwgr.svg","caption":"L\u00fcneburger Wochen gegen Rassismus"},"image":{"@id":"https:\/\/lwgr.de\/en\/#\/schema\/logo\/image\/"},"sameAs":["https:\/\/www.facebook.com\/WgRLueneburg","https:\/\/www.instagram.com\/lwgr_netzwerk"]}]}},"_links":{"self":[{"href":"https:\/\/lwgr.de\/en\/wp-json\/wp\/v2\/pages\/1445","targetHints":{"allow":["GET"]}}],"collection":[{"href":"https:\/\/lwgr.de\/en\/wp-json\/wp\/v2\/pages"}],"about":[{"href":"https:\/\/lwgr.de\/en\/wp-json\/wp\/v2\/types\/page"}],"author":[{"embeddable":true,"href":"https:\/\/lwgr.de\/en\/wp-json\/wp\/v2\/users\/1"}],"replies":[{"embeddable":true,"href":"https:\/\/lwgr.de\/en\/wp-json\/wp\/v2\/comments?post=1445"}],"version-history":[{"count":5,"href":"https:\/\/lwgr.de\/en\/wp-json\/wp\/v2\/pages\/1445\/revisions"}],"predecessor-version":[{"id":2378,"href":"https:\/\/lwgr.de\/en\/wp-json\/wp\/v2\/pages\/1445\/revisions\/2378"}],"wp:attachment":[{"href":"https:\/\/lwgr.de\/en\/wp-json\/wp\/v2\/media?parent=1445"}],"curies":[{"name":"wp","href":"https:\/\/api.w.org\/{rel}","templated":true}]}}